{"id":228,"date":"2023-09-29T11:05:08","date_gmt":"2023-09-29T11:05:08","guid":{"rendered":"https:\/\/www.sweetandhot.eu\/?page_id=228"},"modified":"2026-04-07T13:55:05","modified_gmt":"2026-04-07T13:55:05","slug":"sweet-hot-2024-info-coming-soon-2","status":"publish","type":"page","link":"https:\/\/www.sweetandhot.eu\/","title":{"rendered":"Sweet &amp; Hot 2026 &#8211; 5TH EDITION"},"content":{"rendered":"\n<div class=\"wp-block-buttons is-content-justification-center is-layout-flex wp-container-core-buttons-is-layout-16018d1d wp-block-buttons-is-layout-flex\">\n<div class=\"wp-block-button is-style-default\"><a class=\"wp-block-button__link has-nv-site-bg-color has-neve-link-hover-color-background-color has-text-color has-background has-link-color has-large-font-size has-custom-font-size wp-element-button\" href=\"https:\/\/forms.gle\/FnKffp2hDT87pMmS7\" style=\"border-radius:37px\" target=\"_blank\" rel=\"noreferrer noopener\">PRE-REGISTER \/ PREINSCRIPCI\u00d3N<\/a><\/div>\n<\/div>\n\n\n\n<div style=\"height:37px\" aria-hidden=\"true\" class=\"wp-block-spacer\"><\/div>\n\n\n\n<div class=\"wp-block-columns is-layout-flex wp-container-core-columns-is-layout-9d6595d7 wp-block-columns-is-layout-flex\">\n<div class=\"wp-block-column is-layout-flow wp-block-column-is-layout-flow\">\n<p class=\"has-neve-link-color-color has-neve-link-hover-color-background-color has-text-color has-background has-link-color wp-elements-7cad8f947cb5344b8865fab53f64cfb4\"><strong>UPDATE<\/strong>:<br><br>UNFORTUNATELY, SWEET &amp; HOT <strong>WON&#8217;T HAPPEN IN 2026<\/strong> DUE TO SOME ORGANIZATION PROBLEMS.<br><br>Registered participants will receive a refund, although they can also choose to keep their pass for 2027.<br><br>Instead, we will host a local party with classes and a live concert on 01.05.26 to keep the spirit alive.<br>All the information here:<br><a href=\"http:\/\/www.entradium.com\/events\/bal-shag-connection\">www.entradium.com\/events\/bal-shag-connection<\/a><br><br><strong>THANK YOU SO MUCH FOR YOUR SUPPORT \ud83c\udf89<\/strong><\/p>\n<\/div>\n\n\n\n<div class=\"wp-block-column is-layout-flow wp-block-column-is-layout-flow\">\n<p class=\"has-neve-link-color-color has-neve-link-hover-color-background-color has-text-color has-background has-link-color wp-elements-725496a32afc965f2a602fbeef0d09d7\"><strong>ACTUALIZACI\u00d3N<\/strong>:<br><br>DESAFORTUNADAMENTE, SWEET &amp; HOT <strong>NO SE CELEBRAR\u00c1 EN 2026<\/strong> DEBIDO A CIERTAS DIFICULTADES ORGANIZATIVAS \ud83d\ude14<br><br>Las personas inscritas recibir\u00e1n su devoluci\u00f3n aunque tambi\u00e9n pueden guardar su pase para el a\u00f1o 2027.<br><br>En su lugar, celebraremos una fiesta local con clases y concierto el d\u00eda 01.05.26 para mantener la llama encendida. <br>Toda la informaci\u00f3n aqu\u00ed: <br><a href=\"http:\/\/www.entradium.com\/events\/bal-shag-connection\">www.entradium.com\/events\/bal-shag-connection<\/a><br><br><strong>MUCH\u00cdSIMAS GRACIAS POR VUESTRO APOYO<\/strong> \ud83c\udf89<\/p>\n<\/div>\n<\/div>\n\n\n\n<div class=\"wp-block-columns is-layout-flex wp-container-core-columns-is-layout-9d6595d7 wp-block-columns-is-layout-flex\">\n<div class=\"wp-block-column is-layout-flow wp-block-column-is-layout-flow\">\n<p class=\"has-neve-link-color-color has-neve-link-hover-color-background-color has-text-color has-background has-link-color wp-elements-affa4d675ec9bf5e5cee8425e2605e33\"><strong>WE ARE WORKING ON THE 5TH EDITION (2026), THE INFO WILL BE COMING UP SOON <\/strong>\ud83d\ude80<br><br><strong>PRE-REGISTER TODAY<\/strong> TO SECURE AN EXCLUSIVE EARLY-BIRD PRICE! <br>BE THE FIRST TO KNOW WHEN REGISTRATION OFFICIALLY OPENS \ud83c\udfc3\ud83c\udffe\u200d\u2640\ufe0f<br><br><em>To get an idea of what to expect from the upcoming edition, feel free to explore our website and check out the information from last year\u2019s event<\/em> \ud83d\udc40<br><br><em>We aim to keep a similar format and schedule (the first weekend of May). <strong>Save the date <\/strong>in your calendar!<\/em><br><br>WE ARE VERY EXCITED ABOUT OUR 5TH ANNIVERSARY <br>AND WE REALLY <strong>APPRECIATE YOUR SUPPORT<\/strong> \ud83c\udf89<\/p>\n<\/div>\n\n\n\n<div class=\"wp-block-column is-layout-flow wp-block-column-is-layout-flow\">\n<p class=\"has-neve-link-color-color has-neve-link-hover-color-background-color has-text-color has-background has-link-color wp-elements-ee10213d8d1d8595bb0118f30f00850e\"><strong>ESTAMOS TRABAJANDO EN LA 5\u00aa EDICI\u00d3N (2026), <br>TODA LA INFORMACI\u00d3N SALDR\u00c1 PRONTO <\/strong>\ud83d\ude80<br><br><strong>PREINSCR\u00cdBETE HOY<\/strong> Y ASEG\u00daRATE UN DESCUENTO ESPECIAL! <br>RECIBIR\u00c1S EL AVISO DE INSCRIPCI\u00d3N ANTES QUE NADIE \ud83c\udfc3\ud83c\udffe\u200d\u2640\ufe0f<br><br>Para que te hagas una idea de lo que te espera en la pr\u00f3xima edici\u00f3n, si\u00e9ntete libre de explorar nuestra web y revisar la informaci\u00f3n del evento del a\u00f1o pasado \ud83d\udc40<br><br>Nuestro objetivo es mantener un formato y calendario similares (el primer fin de semana de mayo). \u00a1<strong>Reserva la fecha<\/strong> en tu calendario!<br><br>ESTAMOS MUY EMOCIONADES CON NUESTRO 5\u00ba ANIVERSARIO<br><strong>MUCH\u00cdSIMAS GRACIAS POR VUESTRO APOYO<\/strong> \ud83c\udf89<\/p>\n<\/div>\n<\/div>\n\n\n\n<div style=\"height:37px\" aria-hidden=\"true\" class=\"wp-block-spacer\"><\/div>\n\n\n\n<div class=\"wp-block-buttons is-content-justification-center is-layout-flex wp-container-core-buttons-is-layout-16018d1d wp-block-buttons-is-layout-flex\">\n<div class=\"wp-block-button is-style-default\"><a class=\"wp-block-button__link has-nv-site-bg-color has-neve-link-hover-color-background-color has-text-color has-background has-link-color has-large-font-size has-custom-font-size wp-element-button\" href=\"https:\/\/forms.gle\/FnKffp2hDT87pMmS7\" style=\"border-radius:37px\" target=\"_blank\" rel=\"noreferrer noopener\">PRE-REGISTER \/ PREINSCRIPCI\u00d3N<\/a><\/div>\n<\/div>\n\n\n\n<div style=\"height:37px\" aria-hidden=\"true\" class=\"wp-block-spacer\"><\/div>\n\n\n\n<hr class=\"wp-block-separator has-alpha-channel-opacity\"\/>\n\n\n\n<div style=\"height:37px\" aria-hidden=\"true\" class=\"wp-block-spacer\"><\/div>\n\n\n\n<div class=\"wp-block-columns is-layout-flex wp-container-core-columns-is-layout-9d6595d7 wp-block-columns-is-layout-flex\">\n<div class=\"wp-block-column is-layout-flow wp-block-column-is-layout-flow\">\n<div class=\"wp-block-columns is-layout-flex wp-container-core-columns-is-layout-9d6595d7 wp-block-columns-is-layout-flex\">\n<div class=\"wp-block-column is-layout-flow wp-block-column-is-layout-flow\">\n<figure class=\"wp-block-image size-large\"><img loading=\"lazy\" decoding=\"async\" width=\"726\" height=\"1024\" src=\"https:\/\/www.sweetandhot.eu\/wp-content\/uploads\/2025\/01\/sweet-and-hot-2025-105-x-148-mm-726x1024.jpg\" alt=\"\" class=\"wp-image-371\" srcset=\"https:\/\/www.sweetandhot.eu\/wp-content\/uploads\/2025\/01\/sweet-and-hot-2025-105-x-148-mm-726x1024.jpg 726w, https:\/\/www.sweetandhot.eu\/wp-content\/uploads\/2025\/01\/sweet-and-hot-2025-105-x-148-mm-213x300.jpg 213w, https:\/\/www.sweetandhot.eu\/wp-content\/uploads\/2025\/01\/sweet-and-hot-2025-105-x-148-mm-768x1083.jpg 768w, https:\/\/www.sweetandhot.eu\/wp-content\/uploads\/2025\/01\/sweet-and-hot-2025-105-x-148-mm-1090x1536.jpg 1090w, https:\/\/www.sweetandhot.eu\/wp-content\/uploads\/2025\/01\/sweet-and-hot-2025-105-x-148-mm.jpg 1240w\" sizes=\"auto, (max-width: 726px) 100vw, 726px\" \/><\/figure>\n<\/div>\n\n\n\n<div class=\"wp-block-column is-layout-flow wp-block-column-is-layout-flow\">\n<figure class=\"wp-block-image size-large\"><img loading=\"lazy\" decoding=\"async\" width=\"726\" height=\"1024\" src=\"https:\/\/www.sweetandhot.eu\/wp-content\/uploads\/2025\/03\/sweet-and-hot-2025-105-x-148-mm-8-726x1024.jpg\" alt=\"\" class=\"wp-image-394\" srcset=\"https:\/\/www.sweetandhot.eu\/wp-content\/uploads\/2025\/03\/sweet-and-hot-2025-105-x-148-mm-8-726x1024.jpg 726w, https:\/\/www.sweetandhot.eu\/wp-content\/uploads\/2025\/03\/sweet-and-hot-2025-105-x-148-mm-8-213x300.jpg 213w, https:\/\/www.sweetandhot.eu\/wp-content\/uploads\/2025\/03\/sweet-and-hot-2025-105-x-148-mm-8-768x1083.jpg 768w, https:\/\/www.sweetandhot.eu\/wp-content\/uploads\/2025\/03\/sweet-and-hot-2025-105-x-148-mm-8-1090x1536.jpg 1090w, https:\/\/www.sweetandhot.eu\/wp-content\/uploads\/2025\/03\/sweet-and-hot-2025-105-x-148-mm-8.jpg 1240w\" sizes=\"auto, (max-width: 726px) 100vw, 726px\" \/><\/figure>\n<\/div>\n<\/div>\n<\/div>\n<\/div>\n\n\n\n<figure class=\"wp-block-embed is-type-video is-provider-youtube wp-block-embed-youtube wp-embed-aspect-16-9 wp-has-aspect-ratio\"><div class=\"wp-block-embed__wrapper\">\n<div class=\"nv-iframe-embed\"><iframe loading=\"lazy\" title=\"Sweet &amp; Hot 2024 - Bal&#039;Shag Connection in Valencia (Spain)\" width=\"1200\" height=\"675\" src=\"https:\/\/www.youtube.com\/embed\/K1inZJIPsmA?feature=oembed\" frameborder=\"0\" allow=\"accelerometer; autoplay; clipboard-write; encrypted-media; gyroscope; picture-in-picture; web-share\" referrerpolicy=\"strict-origin-when-cross-origin\" allowfullscreen><\/iframe><\/div>\n<\/div><\/figure>\n\n\n\n<div style=\"height:59px\" aria-hidden=\"true\" class=\"wp-block-spacer\"><\/div>\n\n\n\n<div style=\"height:59px\" aria-hidden=\"true\" class=\"wp-block-spacer\"><\/div>\n\n\n<div class=\"wp-block-image\">\n<figure class=\"aligncenter size-full is-resized\"><img loading=\"lazy\" decoding=\"async\" width=\"612\" height=\"725\" src=\"https:\/\/www.sweetandhot.eu\/wp-content\/uploads\/2023\/09\/Sweet-Hot_WHITE-1.png\" alt=\"\" class=\"wp-image-223\" style=\"width:318px;height:377px\" srcset=\"https:\/\/www.sweetandhot.eu\/wp-content\/uploads\/2023\/09\/Sweet-Hot_WHITE-1.png 612w, https:\/\/www.sweetandhot.eu\/wp-content\/uploads\/2023\/09\/Sweet-Hot_WHITE-1-253x300.png 253w\" sizes=\"auto, (max-width: 612px) 100vw, 612px\" \/><\/figure><\/div>","protected":false},"excerpt":{"rendered":"<p>UPDATE: UNFORTUNATELY, SWEET &amp; HOT WON&#8217;T HAPPEN IN 2026 DUE TO SOME ORGANIZATION PROBLEMS. Registered participants will receive a refund, although they can also choose to keep their pass for 2027. Instead, we will host a local party with classes and a live concert on 01.05.26 to keep the spirit alive.All the information here:www.entradium.com\/events\/bal-shag-connection THANK&hellip;&nbsp;<a href=\"https:\/\/www.sweetandhot.eu\/\" class=\"\" rel=\"bookmark\">Leer m\u00e1s &raquo;<span class=\"screen-reader-text\">Sweet &amp; Hot 2026 &#8211; 5TH EDITION<\/span><\/a><\/p>\n","protected":false},"author":1,"featured_media":0,"parent":0,"menu_order":0,"comment_status":"closed","ping_status":"closed","template":"","meta":{"neve_meta_sidebar":"","neve_meta_container":"","neve_meta_enable_content_width":"","neve_meta_content_width":0,"neve_meta_title_alignment":"","neve_meta_author_avatar":"","neve_post_elements_order":"","neve_meta_disable_header":"off","neve_meta_disable_footer":"off","neve_meta_disable_title":"on","footnotes":""},"class_list":["post-228","page","type-page","status-publish","hentry"],"_links":{"self":[{"href":"https:\/\/www.sweetandhot.eu\/index.php?rest_route=\/wp\/v2\/pages\/228","targetHints":{"allow":["GET"]}}],"collection":[{"href":"https:\/\/www.sweetandhot.eu\/index.php?rest_route=\/wp\/v2\/pages"}],"about":[{"href":"https:\/\/www.sweetandhot.eu\/index.php?rest_route=\/wp\/v2\/types\/page"}],"author":[{"embeddable":true,"href":"https:\/\/www.sweetandhot.eu\/index.php?rest_route=\/wp\/v2\/users\/1"}],"replies":[{"embeddable":true,"href":"https:\/\/www.sweetandhot.eu\/index.php?rest_route=%2Fwp%2Fv2%2Fcomments&post=228"}],"version-history":[{"count":18,"href":"https:\/\/www.sweetandhot.eu\/index.php?rest_route=\/wp\/v2\/pages\/228\/revisions"}],"predecessor-version":[{"id":449,"href":"https:\/\/www.sweetandhot.eu\/index.php?rest_route=\/wp\/v2\/pages\/228\/revisions\/449"}],"wp:attachment":[{"href":"https:\/\/www.sweetandhot.eu\/index.php?rest_route=%2Fwp%2Fv2%2Fmedia&parent=228"}],"curies":[{"name":"wp","href":"https:\/\/api.w.org\/{rel}","templated":true}]}}